{"id":1021,"date":"2017-01-23T13:40:56","date_gmt":"2017-01-23T13:40:56","guid":{"rendered":"https:\/\/ajedrez.cve.edu.es\/gossage\/?page_id=1021"},"modified":"2019-10-09T16:03:50","modified_gmt":"2019-10-09T16:03:50","slug":"torneo-de-candidatos-eso","status":"publish","type":"page","link":"https:\/\/ajedrez.cve.edu.es\/gossage\/torneo-de-ajedrez-secundaria\/torneo-de-candidatos-eso\/","title":{"rendered":"TORNEO DE CANDIDATOS (ESO)"},"content":{"rendered":"<p>&nbsp;<\/p>\n<p><strong>Curso 2017-2018<\/strong><\/p>\n<p>Se estableci\u00f3 como Candidata, <strong>Helena de la Fuente<\/strong>, de 1\u00baD, mediante una eliminatoria:<\/p>\n<p><img loading=\"lazy\" class=\"size-large wp-image-1472\" src=\"https:\/\/ajedrez.cve.edu.es\/gossage\/wp-content\/uploads\/2018\/06\/eliminatoria1-1024x768.jpg\" alt=\"\" width=\"584\" height=\"438\" srcset=\"https:\/\/ajedrez.cve.edu.es\/gossage\/wp-content\/uploads\/2018\/06\/eliminatoria1-1024x768.jpg 1024w, https:\/\/ajedrez.cve.edu.es\/gossage\/wp-content\/uploads\/2018\/06\/eliminatoria1-300x225.jpg 300w, https:\/\/ajedrez.cve.edu.es\/gossage\/wp-content\/uploads\/2018\/06\/eliminatoria1-768x576.jpg 768w, https:\/\/ajedrez.cve.edu.es\/gossage\/wp-content\/uploads\/2018\/06\/eliminatoria1-400x300.jpg 400w\" sizes=\"(max-width: 584px) 100vw, 584px\" \/><\/p>\n<p>Los octavos de final:<\/p>\n<table width=\"564\">\n<tbody>\n<tr>\n<td width=\"203\">BLANCAS<\/td>\n<td width=\"33\"><\/td>\n<td width=\"33\"><\/td>\n<td width=\"35\"><\/td>\n<td width=\"225\">NEGRAS<\/td>\n<td width=\"35\"><\/td>\n<\/tr>\n<tr>\n<td>Luca Renzoni<\/td>\n<td>4C<\/td>\n<td>1<\/td>\n<td>0<\/td>\n<td>Pablo Sotos<\/td>\n<td>4C<\/td>\n<\/tr>\n<tr>\n<td>Teo Sanz<\/td>\n<td>1D<\/td>\n<td>0<\/td>\n<td>1<\/td>\n<td>Eli Zhou<\/td>\n<td>1B<\/td>\n<\/tr>\n<tr>\n<td>Pablo M\u00e1rquez<\/td>\n<td>1B<\/td>\n<td>0<\/td>\n<td>1<\/td>\n<td>Eduardo picabea<\/td>\n<td>4C<\/td>\n<\/tr>\n<tr>\n<td>Adri\u00e1n Gonz\u00e1lez<\/td>\n<td>4C<\/td>\n<td>1<\/td>\n<td>0<\/td>\n<td>Carolina Balmaseda<\/td>\n<td>2D<\/td>\n<\/tr>\n<tr>\n<td>Aima Celada<\/td>\n<td>1D<\/td>\n<td>1<\/td>\n<td>0<\/td>\n<td>Nicol\u00e1s Unturbe<\/td>\n<td>3D<\/td>\n<\/tr>\n<tr>\n<td>Javier Tovar<\/td>\n<td>3D<\/td>\n<td>1<\/td>\n<td>0<\/td>\n<td>Ra\u00fal P\u00e8rez Sanz<\/td>\n<td>1D<\/td>\n<\/tr>\n<tr>\n<td>Daniel Minguito<\/td>\n<td>1D<\/td>\n<td>0<\/td>\n<td>1<\/td>\n<td>Alejandro Gonz\u00e1lez capilla<\/td>\n<td>3D<\/td>\n<\/tr>\n<tr>\n<td>Helena de la Fuente<\/td>\n<td>1D<\/td>\n<td>1<\/td>\n<td>0<\/td>\n<td>Antonio Bielza<\/td>\n<td>2D<\/td>\n<\/tr>\n<\/tbody>\n<\/table>\n<p>Los cuartos de final:<\/p>\n<table width=\"564\">\n<tbody>\n<tr>\n<td width=\"203\">BLANCAS<\/td>\n<td width=\"33\"><\/td>\n<td width=\"33\"><\/td>\n<td width=\"35\"><\/td>\n<td width=\"225\">NEGRAS<\/td>\n<td width=\"35\"><\/td>\n<\/tr>\n<tr>\n<td>Javier Tovar<\/td>\n<td>3D<\/td>\n<td>1<\/td>\n<td>0<\/td>\n<td>Luca Renzoni<\/td>\n<td>4C<\/td>\n<\/tr>\n<tr>\n<td>Eduardo picabea<\/td>\n<td>4C<\/td>\n<td>0<\/td>\n<td>1<\/td>\n<td>Eli Zhou<\/td>\n<td>1B<\/td>\n<\/tr>\n<tr>\n<td>Alejandro Gonz\u00e1lez capilla<\/td>\n<td>3D<\/td>\n<td>0<\/td>\n<td>1<\/td>\n<td>Helena de la Fuente<\/td>\n<td>1D<\/td>\n<\/tr>\n<tr>\n<td>Adri\u00e1n Gonz\u00e1lez<\/td>\n<td>4C<\/td>\n<td>1<\/td>\n<td>0<\/td>\n<td>Aima Celada<\/td>\n<td>1D<\/td>\n<\/tr>\n<\/tbody>\n<\/table>\n<p><img loading=\"lazy\" class=\"alignright size-large wp-image-1478\" style=\"color: #333333; font-style: normal; font-weight: 300;\" src=\"https:\/\/ajedrez.cve.edu.es\/gossage\/wp-content\/uploads\/2018\/06\/eliminatoria9-1024x768.jpg\" alt=\"\" width=\"584\" height=\"438\" srcset=\"https:\/\/ajedrez.cve.edu.es\/gossage\/wp-content\/uploads\/2018\/06\/eliminatoria9-1024x768.jpg 1024w, https:\/\/ajedrez.cve.edu.es\/gossage\/wp-content\/uploads\/2018\/06\/eliminatoria9-300x225.jpg 300w, https:\/\/ajedrez.cve.edu.es\/gossage\/wp-content\/uploads\/2018\/06\/eliminatoria9-768x576.jpg 768w, https:\/\/ajedrez.cve.edu.es\/gossage\/wp-content\/uploads\/2018\/06\/eliminatoria9-400x300.jpg 400w\" sizes=\"(max-width: 584px) 100vw, 584px\" \/><\/p>\n<p>La semifinal:<\/p>\n<table width=\"564\">\n<tbody>\n<tr>\n<td width=\"203\">BLANCAS<\/td>\n<td width=\"33\"><\/td>\n<td width=\"33\"><\/td>\n<td width=\"35\"><\/td>\n<td width=\"225\">NEGRAS<\/td>\n<td width=\"35\"><\/td>\n<\/tr>\n<tr>\n<td>Eli Zhou<\/td>\n<td>1B<\/td>\n<td>1<\/td>\n<td>0<\/td>\n<td>Javier Tovar<\/td>\n<td>3D<\/td>\n<\/tr>\n<tr>\n<td>Adri\u00e1n Gonz\u00e1lez<\/td>\n<td>4C<\/td>\n<td>0<\/td>\n<td>1<\/td>\n<td>Helena de la Fuente<\/td>\n<td>1D<\/td>\n<\/tr>\n<\/tbody>\n<\/table>\n<p>La final se celebr\u00f3 entre Helena de la Fuente y Eli Zhou, ganando Helena.<\/p>\n<p>El resultado final: <strong>1\u00aa Helena; 2\u00aa Eli Zhou, 3\u00ba Javier Tovar<\/strong><\/p>\n<p><img loading=\"lazy\" class=\"alignright size-large wp-image-1406\" src=\"https:\/\/ajedrez.cve.edu.es\/gossage\/wp-content\/uploads\/2018\/06\/P1010321-1024x768.jpg\" alt=\"\" width=\"584\" height=\"438\" srcset=\"https:\/\/ajedrez.cve.edu.es\/gossage\/wp-content\/uploads\/2018\/06\/P1010321-1024x768.jpg 1024w, https:\/\/ajedrez.cve.edu.es\/gossage\/wp-content\/uploads\/2018\/06\/P1010321-300x225.jpg 300w, https:\/\/ajedrez.cve.edu.es\/gossage\/wp-content\/uploads\/2018\/06\/P1010321-768x576.jpg 768w, https:\/\/ajedrez.cve.edu.es\/gossage\/wp-content\/uploads\/2018\/06\/P1010321-400x300.jpg 400w\" sizes=\"(max-width: 584px) 100vw, 584px\" \/><\/p>\n<p><strong>Curso 2016-2017<\/strong><\/p>\n<p>Jugados los desempates, los vencedores fueron los siguientes:<\/p>\n<p>CAMPE\u00d3N ESO: <strong>Germ\u00e1n F\u00e1bregas<\/strong><\/p>\n<p>SUBCAMPE\u00d3N ESO: <strong>Gabriel Walker<\/strong><\/p>\n<p>En el nivel de 1\u00ba y 2\u00ba ESO, hubo un doble empate:<\/p>\n<p>campeones de nivel: <strong>Carlos de Castro<\/strong> (1\u00ba D) y <strong>Xavi Planas<\/strong> (1\u00ba D)<\/p>\n<p>subcampeones de nivel: <strong>Jorge Alonso<\/strong> (1\u00ba D) y <strong>Javier Tovar<\/strong> (2\u00ba A)<\/p>\n<p>En el nivel de 4\u00ba ESO:<\/p>\n<p>campe\u00f3n: <strong>Luca Renzoni<\/strong> (4\u00ba B)<\/p>\n<p>subcampe\u00f3n: <strong>Cosme Catal\u00e1n<\/strong> (3\u00ba B)<\/p>\n<p>&nbsp;<\/p>\n<p>CLASIFICACI\u00d3N FINAL:<\/p>\n<table width=\"241\">\n<tbody>\n<tr>\n<td colspan=\"3\" width=\"241\">CLASIFICACI\u00d3N DE LA SEGUNDA FASE<\/td>\n<\/tr>\n<tr>\n<td>Gabriel Walker<\/td>\n<td>4B<\/td>\n<td>6,5<\/td>\n<\/tr>\n<tr>\n<td>Germ\u00e1n F\u00e1bregas<\/td>\n<td>3B<\/td>\n<td>6,5<\/td>\n<\/tr>\n<tr>\n<td>Luca Renzoni<\/td>\n<td>4B<\/td>\n<td>5<\/td>\n<\/tr>\n<tr>\n<td>Cosme Catal\u00e1n<\/td>\n<td>3B<\/td>\n<td>4,5<\/td>\n<\/tr>\n<tr>\n<td>Carlos de Castro<\/td>\n<td>1D<\/td>\n<td>4,5<\/td>\n<\/tr>\n<tr>\n<td>Xavi Planas<\/td>\n<td>1D<\/td>\n<td>4,5<\/td>\n<\/tr>\n<tr>\n<td>Javier Tovar<\/td>\n<td>2A<\/td>\n<td>4,5<\/td>\n<\/tr>\n<tr>\n<td>Daniel Mart\u00edn Chico<\/td>\n<td>1D<\/td>\n<td>4<\/td>\n<\/tr>\n<tr>\n<td>Jorge Alonso<\/td>\n<td>1D<\/td>\n<td>4<\/td>\n<\/tr>\n<tr>\n<td>Jorge Mart\u00ednez Mart\u00edn<\/td>\n<td>1D<\/td>\n<td>4<\/td>\n<\/tr>\n<tr>\n<td>Javier Gc\u00eda Mtnez<\/td>\n<td>2A<\/td>\n<td>4<\/td>\n<\/tr>\n<tr>\n<td>Jaime Losada<\/td>\n<td>2D<\/td>\n<td>3,5<\/td>\n<\/tr>\n<tr>\n<td>Antonio Lago<\/td>\n<td>2B<\/td>\n<td>3,5<\/td>\n<\/tr>\n<tr>\n<td>Eduardo Picabea<\/td>\n<td>3C<\/td>\n<td>3<\/td>\n<\/tr>\n<tr>\n<td>Mendo Urraca<\/td>\n<td>1A<\/td>\n<td>3<\/td>\n<\/tr>\n<tr>\n<td>Diego Porqueras<\/td>\n<td>2B<\/td>\n<td>3<\/td>\n<\/tr>\n<tr>\n<td>Eduardo Gaite<\/td>\n<td>1D<\/td>\n<td>2,5<\/td>\n<\/tr>\n<tr>\n<td>Lucas Ucelay<\/td>\n<td>1D<\/td>\n<td>2<\/td>\n<\/tr>\n<tr>\n<td>M\u00f3nica Mart\u00edn Cava<\/td>\n<td>1B<\/td>\n<td>2<\/td>\n<\/tr>\n<\/tbody>\n<\/table>\n<p>DESEMPATES:<\/p>\n<table width=\"494\">\n<tbody>\n<tr>\n<td width=\"175\">Javier Tovar<\/td>\n<td width=\"24\">2A<\/td>\n<td width=\"42\">0<\/td>\n<td width=\"42\">1<\/td>\n<td width=\"187\">Carlos de Castro<\/td>\n<td width=\"24\">1D<\/td>\n<\/tr>\n<tr>\n<td>Jorge Alonso<\/td>\n<td>1D<\/td>\n<td>1<\/td>\n<td>0<\/td>\n<td>Javier Tovar<\/td>\n<td>2A<\/td>\n<\/tr>\n<tr>\n<td>Jorge Mart\u00ednez Mart\u00edn<\/td>\n<td>1D<\/td>\n<td>1<\/td>\n<td>0<\/td>\n<td>Javier Gc\u00eda Mtnez<\/td>\n<td>2A<\/td>\n<\/tr>\n<tr>\n<td>Jorge Alonso<\/td>\n<td>1D<\/td>\n<td>1<\/td>\n<td>0<\/td>\n<td>Jorge Mart\u00ednez Mart\u00edn<\/td>\n<td>1D<\/td>\n<\/tr>\n<\/tbody>\n<\/table>\n<p>&nbsp;<\/p>\n<table width=\"494\">\n<tbody>\n<tr>\n<td width=\"175\">FASE 2<\/td>\n<td width=\"24\"><\/td>\n<td width=\"42\"><\/td>\n<td width=\"42\"><\/td>\n<td width=\"187\">RONDA 3<\/td>\n<td width=\"24\"><\/td>\n<\/tr>\n<tr>\n<td>Gabriel Walker<\/td>\n<td>4B<\/td>\n<td>\u00a00<\/td>\n<td>\u00a01<\/td>\n<td>Germ\u00e1n F\u00e1bregas<\/td>\n<td>3B<\/td>\n<\/tr>\n<tr>\n<td>Luca Renzoni<\/td>\n<td>4B<\/td>\n<td>\u00a00,5<\/td>\n<td>\u00a00,5<\/td>\n<td>Jorge Alonso<\/td>\n<td>1D<\/td>\n<\/tr>\n<tr>\n<td>Xavi Planas<\/td>\n<td>1D<\/td>\n<td>1<\/td>\n<td>0<\/td>\n<td>Cosme Catal\u00e1n<\/td>\n<td>3B<\/td>\n<\/tr>\n<tr>\n<td>Javier Gc\u00eda Mtnez<\/td>\n<td>2A<\/td>\n<td><\/td>\n<td><\/td>\n<td>Carlos de Castro<\/td>\n<td>1D<\/td>\n<\/tr>\n<tr>\n<td>Antonio Lago<\/td>\n<td>2B<\/td>\n<td>\u00a00,5<\/td>\n<td>\u00a00,5<\/td>\n<td>Jorge Mart\u00ednez Mart\u00edn<\/td>\n<td>1D<\/td>\n<\/tr>\n<tr>\n<td>Javier Tovar<\/td>\n<td>2A<\/td>\n<td>1<\/td>\n<td>0<\/td>\n<td>Daniel Mart\u00edn Chico<\/td>\n<td>1D<\/td>\n<\/tr>\n<tr>\n<td>Jaime Losada<\/td>\n<td>2D<\/td>\n<td>\u00a01<\/td>\n<td>\u00a00<\/td>\n<td>Eduardo Picabea<\/td>\n<td>3C<\/td>\n<\/tr>\n<tr>\n<td>M\u00f3nica Mart\u00edn Cava<\/td>\n<td>1B<\/td>\n<td><\/td>\n<td><\/td>\n<td>Eduardo Gaite<\/td>\n<td>1D<\/td>\n<\/tr>\n<tr>\n<td>Diego Porqueras<\/td>\n<td>2B<\/td>\n<td>\u00a01<\/td>\n<td>\u00a00<\/td>\n<td>Lucas Ucelay<\/td>\n<td>1D<\/td>\n<\/tr>\n<tr>\n<td><\/td>\n<td><\/td>\n<td><\/td>\n<td><\/td>\n<td><\/td>\n<td><\/td>\n<\/tr>\n<\/tbody>\n<\/table>\n<table width=\"494\">\n<tbody>\n<tr>\n<td width=\"175\">SEGUNDA FASE<\/td>\n<td width=\"24\"><\/td>\n<td width=\"42\"><\/td>\n<td width=\"42\"><\/td>\n<td width=\"187\">RONDA 2<\/td>\n<td width=\"24\"><\/td>\n<\/tr>\n<tr>\n<td>Cosme Catal\u00e1n<\/td>\n<td>3B<\/td>\n<td>0<\/td>\n<td>1<\/td>\n<td>Gabriel Walker<\/td>\n<td>4B<\/td>\n<\/tr>\n<tr>\n<td>Germ\u00e1n F\u00e1bregas<\/td>\n<td>3B<\/td>\n<td>1<\/td>\n<td>0<\/td>\n<td>Luca Renzoni<\/td>\n<td>4B<\/td>\n<\/tr>\n<tr>\n<td>Xavi Planas<\/td>\n<td>1D<\/td>\n<td><\/td>\n<td><\/td>\n<td>Daniel Mart\u00edn Chico<\/td>\n<td>1D<\/td>\n<\/tr>\n<tr>\n<td>Carlos de Castro<\/td>\n<td>1D<\/td>\n<td>1<\/td>\n<td>0<\/td>\n<td>Jorge Alonso<\/td>\n<td>1D<\/td>\n<\/tr>\n<tr>\n<td>Eduardo Picabea<\/td>\n<td>3C<\/td>\n<td>1<\/td>\n<td>0<\/td>\n<td>Javier Gc\u00eda Mtnez<\/td>\n<td>2A<\/td>\n<\/tr>\n<tr>\n<td>Jorge Mart\u00ednez Mart\u00edn<\/td>\n<td>1D<\/td>\n<td>1<\/td>\n<td>0<\/td>\n<td>Jaime Losada<\/td>\n<td>2D<\/td>\n<\/tr>\n<tr>\n<td>Eduardo Gaite<\/td>\n<td>1D<\/td>\n<td>0<\/td>\n<td>1<\/td>\n<td>Javier Tovar<\/td>\n<td>2A<\/td>\n<\/tr>\n<tr>\n<td>Diego Porqueras<\/td>\n<td>2B<\/td>\n<td><\/td>\n<td><\/td>\n<td>M\u00f3nica Mart\u00edn Cava<\/td>\n<td>1B<\/td>\n<\/tr>\n<tr>\n<td>Lucas Ucelay<\/td>\n<td>1D<\/td>\n<td>0<\/td>\n<td>1<\/td>\n<td>Antonio Lago<\/td>\n<td>2B<\/td>\n<\/tr>\n<tr>\n<td>Mendo Urraca<\/td>\n<td>1A<\/td>\n<td>1<\/td>\n<td><\/td>\n<td><\/td>\n<td><\/td>\n<\/tr>\n<tr>\n<td><\/td>\n<td><\/td>\n<td><\/td>\n<td><\/td>\n<td><\/td>\n<td><\/td>\n<\/tr>\n<\/tbody>\n<\/table>\n<table width=\"494\">\n<tbody>\n<tr>\n<td width=\"175\">SEGUNDA FASE<\/td>\n<td width=\"24\"><\/td>\n<td width=\"42\"><\/td>\n<td width=\"42\"><\/td>\n<td width=\"187\">1\u00aa RONDA<\/td>\n<td width=\"24\"><\/td>\n<\/tr>\n<tr>\n<td>Gabriel Walker<\/td>\n<td>4B<\/td>\n<td>\u00a01<\/td>\n<td>\u00a00<\/td>\n<td>Xavi Planas<\/td>\n<td>1D<\/td>\n<\/tr>\n<tr>\n<td>Javier Gc\u00eda Mtnez<\/td>\n<td>2A<\/td>\n<td>\u00a00<\/td>\n<td>\u00a01<\/td>\n<td>Cosme Catal\u00e1n<\/td>\n<td>3B<\/td>\n<\/tr>\n<tr>\n<td>Luca Renzoni<\/td>\n<td>4B<\/td>\n<td>\u00a01<\/td>\n<td>\u00a00<\/td>\n<td>Carlos de Castro<\/td>\n<td>1D<\/td>\n<\/tr>\n<tr>\n<td>Antonio Lago<\/td>\n<td>2B<\/td>\n<td>\u00a00<\/td>\n<td>\u00a01<\/td>\n<td>Germ\u00e1n F\u00e1bregas<\/td>\n<td>3B<\/td>\n<\/tr>\n<tr>\n<td>Eduardo Picabea<\/td>\n<td>3C<\/td>\n<td>\u00a00<\/td>\n<td>\u00a01<\/td>\n<td>Daniel Mart\u00edn Chico<\/td>\n<td>1D<\/td>\n<\/tr>\n<tr>\n<td>Jorge Alonso<\/td>\n<td>1D<\/td>\n<td>\u00a01<\/td>\n<td>\u00a00<\/td>\n<td>Eduardo Gaite<\/td>\n<td>1D<\/td>\n<\/tr>\n<tr>\n<td>Jaime Losada<\/td>\n<td>2D<\/td>\n<td>\u00a01<\/td>\n<td>\u00a00<\/td>\n<td>Diego Porqueras<\/td>\n<td>2B<\/td>\n<\/tr>\n<tr>\n<td>Mendo Urraca<\/td>\n<td>1A<\/td>\n<td>\u00a00<\/td>\n<td>\u00a01<\/td>\n<td>Jorge Mart\u00ednez Mart\u00edn<\/td>\n<td>1D<\/td>\n<\/tr>\n<tr>\n<td>M\u00f3nica Mart\u00edn Cava<\/td>\n<td>1B<\/td>\n<td>\u00a00,5<\/td>\n<td>\u00a00,5<\/td>\n<td>Lucas Ucelay<\/td>\n<td>1D<\/td>\n<\/tr>\n<tr>\n<td>Javier Tovar<\/td>\n<td>2A<\/td>\n<td><\/td>\n<td><\/td>\n<td><\/td>\n<td><\/td>\n<\/tr>\n<\/tbody>\n<\/table>\n","protected":false},"excerpt":{"rendered":"<p>&nbsp; Curso 2017-2018 Se estableci\u00f3 como Candidata, Helena de la Fuente, de 1\u00baD, mediante una eliminatoria: Los octavos de final: BLANCAS NEGRAS Luca Renzoni 4C 1 0 Pablo Sotos 4C Teo Sanz 1D 0 1 Eli Zhou 1B Pablo M\u00e1rquez &hellip; <a href=\"https:\/\/ajedrez.cve.edu.es\/gossage\/torneo-de-ajedrez-secundaria\/torneo-de-candidatos-eso\/\">Sigue leyendo <span class=\"meta-nav\">&rarr;<\/span><\/a><\/p>\n","protected":false},"author":2,"featured_media":0,"parent":1699,"menu_order":0,"comment_status":"closed","ping_status":"closed","template":"","meta":[],"_links":{"self":[{"href":"https:\/\/ajedrez.cve.edu.es\/gossage\/wp-json\/wp\/v2\/pages\/1021"}],"collection":[{"href":"https:\/\/ajedrez.cve.edu.es\/gossage\/wp-json\/wp\/v2\/pages"}],"about":[{"href":"https:\/\/ajedrez.cve.edu.es\/gossage\/wp-json\/wp\/v2\/types\/page"}],"author":[{"embeddable":true,"href":"https:\/\/ajedrez.cve.edu.es\/gossage\/wp-json\/wp\/v2\/users\/2"}],"replies":[{"embeddable":true,"href":"https:\/\/ajedrez.cve.edu.es\/gossage\/wp-json\/wp\/v2\/comments?post=1021"}],"version-history":[{"count":39,"href":"https:\/\/ajedrez.cve.edu.es\/gossage\/wp-json\/wp\/v2\/pages\/1021\/revisions"}],"predecessor-version":[{"id":1480,"href":"https:\/\/ajedrez.cve.edu.es\/gossage\/wp-json\/wp\/v2\/pages\/1021\/revisions\/1480"}],"up":[{"embeddable":true,"href":"https:\/\/ajedrez.cve.edu.es\/gossage\/wp-json\/wp\/v2\/pages\/1699"}],"wp:attachment":[{"href":"https:\/\/ajedrez.cve.edu.es\/gossage\/wp-json\/wp\/v2\/media?parent=1021"}],"curies":[{"name":"wp","href":"https:\/\/api.w.org\/{rel}","templated":true}]}}