{"id":11,"date":"2012-10-05T16:55:46","date_gmt":"2012-10-05T16:55:46","guid":{"rendered":"https:\/\/ajedrez.cve.edu.es\/gossage\/?page_id=11"},"modified":"2023-02-26T15:48:51","modified_gmt":"2023-02-26T15:48:51","slug":"condiciones-para-ser-socio","status":"publish","type":"page","link":"https:\/\/ajedrez.cve.edu.es\/gossage\/condiciones-para-ser-socio\/","title":{"rendered":"Condiciones para ser socio con carn\u00e9"},"content":{"rendered":"<p>-Estar inscrito (basta con apuntarse en la lista del monitor)<\/p>\n<p>-Asistencia regular (seis asistencias m\u00ednimo)<\/p>\n<p>-Normas de comportamiento: guardar silencio, responsabilizarse del cuidado del material, jugar solo al ajedrez.<\/p>\n<p>-Saber colocar las piezas y conocer las reglas del juego.<\/p>\n<p>Un socio que mantenga su asistencia y supere las pruebas de nivel podr\u00e1 ir ascendiendo sucesivamente de categor\u00eda: nivel b\u00e1sico, avanzado, etc.<\/p>\n<p>Es gratuito<\/p>\n<p>No compromete a asistir todos los d\u00edas<\/p>\n<p>Se abre el Club a Primaria TODOS LOS D\u00cdAS en el recreo \u00ablargo\u00bb (de la comida)<\/p>\n","protected":false},"excerpt":{"rendered":"<p>-Estar inscrito (basta con apuntarse en la lista del monitor) -Asistencia regular (seis asistencias m\u00ednimo) -Normas de comportamiento: guardar silencio, responsabilizarse del cuidado del material, jugar solo al ajedrez. -Saber colocar las piezas y conocer las reglas del juego. Un &hellip; <a href=\"https:\/\/ajedrez.cve.edu.es\/gossage\/condiciones-para-ser-socio\/\">Sigue leyendo <span class=\"meta-nav\">&rarr;<\/span><\/a><\/p>\n","protected":false},"author":2,"featured_media":0,"parent":0,"menu_order":0,"comment_status":"closed","ping_status":"closed","template":"","meta":[],"_links":{"self":[{"href":"https:\/\/ajedrez.cve.edu.es\/gossage\/wp-json\/wp\/v2\/pages\/11"}],"collection":[{"href":"https:\/\/ajedrez.cve.edu.es\/gossage\/wp-json\/wp\/v2\/pages"}],"about":[{"href":"https:\/\/ajedrez.cve.edu.es\/gossage\/wp-json\/wp\/v2\/types\/page"}],"author":[{"embeddable":true,"href":"https:\/\/ajedrez.cve.edu.es\/gossage\/wp-json\/wp\/v2\/users\/2"}],"replies":[{"embeddable":true,"href":"https:\/\/ajedrez.cve.edu.es\/gossage\/wp-json\/wp\/v2\/comments?post=11"}],"version-history":[{"count":7,"href":"https:\/\/ajedrez.cve.edu.es\/gossage\/wp-json\/wp\/v2\/pages\/11\/revisions"}],"predecessor-version":[{"id":1756,"href":"https:\/\/ajedrez.cve.edu.es\/gossage\/wp-json\/wp\/v2\/pages\/11\/revisions\/1756"}],"wp:attachment":[{"href":"https:\/\/ajedrez.cve.edu.es\/gossage\/wp-json\/wp\/v2\/media?parent=11"}],"curies":[{"name":"wp","href":"https:\/\/api.w.org\/{rel}","templated":true}]}}