{"id":1226,"date":"2017-11-17T19:16:19","date_gmt":"2017-11-17T19:16:19","guid":{"rendered":"https:\/\/ajedrez.cve.edu.es\/gossage\/?page_id=1226"},"modified":"2025-05-31T16:25:11","modified_gmt":"2025-05-31T16:25:11","slug":"v-torneo-de-primaria","status":"publish","type":"page","link":"https:\/\/ajedrez.cve.edu.es\/gossage\/ix-torneo-de-ajedrez-de-primaria\/v-torneo-de-primaria\/","title":{"rendered":"Torneo de Primaria curso 17-18"},"content":{"rendered":"<p>Resultados de la liguilla de Primero a Cuarto de Primaria, para participar en la <strong>ELIMINATORIA<\/strong> por el campeonato absoluto de Primaria MIRAR AQU\u00cd:&nbsp;<a href=\"https:\/\/ajedrez.cve.edu.es\/gossage\/wp-content\/uploads\/2017\/11\/Resultados-liguilla.pdf\">Resultados liguilla<\/a><\/p>\n<p>Fueron seleccionados: <strong>Aret\u00ed K\u00f3kkinos<\/strong> (2\u00baB), <strong>Pablo Caballero L\u00f3pez<\/strong> (3\u00baA), <strong>\u00cd\u00f1igo Elustondo Iturbe<\/strong> (4\u00baB), <strong>Pablo L\u00f3pez Civera<\/strong> (4\u00baC), <strong>Diego L\u00f3pez Linares<\/strong>&nbsp;(5\u00baB), <strong>Juan N\u00fa\u00f1ez Mondelo<\/strong> (6\u00baA), <strong>Ricardo Alonso Rodr\u00edguez<\/strong> (6\u00baA) y <strong>Rodrigo S\u00e1nchez Huertas<\/strong> (6\u00baD)<\/p>\n<p>Efectuado el sorteo, las partidas para <strong>LOS CUARTOS DE FINAL<\/strong> quedaron de la siguiente manera:<\/p>\n<table width=\"713\">\n<tbody>\n<tr>\n<td width=\"241\">CUARTOS DE FINAL<\/td>\n<td width=\"36\"><\/td>\n<td width=\"36\"><\/td>\n<td width=\"36\"><\/td>\n<td width=\"241\"><\/td>\n<td width=\"36\"><\/td>\n<td width=\"87\"><\/td>\n<\/tr>\n<tr>\n<td width=\"241\">Ricardo Alonso<\/td>\n<td width=\"36\">6A<\/td>\n<td width=\"36\">&nbsp;1<\/td>\n<td width=\"36\">&nbsp;0<\/td>\n<td width=\"241\">Pablo L\u00f3pez Civera<\/td>\n<td width=\"36\">4C<\/td>\n<td width=\"87\"><\/td>\n<\/tr>\n<tr>\n<td width=\"241\">Juan N\u00fa\u00f1ez Mondelo<\/td>\n<td width=\"36\">6A<\/td>\n<td width=\"36\">&nbsp;1<\/td>\n<td width=\"36\">&nbsp;0<\/td>\n<td width=\"241\">Pablo Caballero L\u00f3pez<\/td>\n<td width=\"36\">3A<\/td>\n<td width=\"87\"><\/td>\n<\/tr>\n<tr>\n<td width=\"241\">Aret\u00ed K\u00f3kkinos<\/td>\n<td width=\"36\">2B<\/td>\n<td width=\"36\">&nbsp;0<\/td>\n<td width=\"36\">&nbsp;1<\/td>\n<td width=\"241\">\u00cd\u00f1igo Elustondo Iturbe<\/td>\n<td width=\"36\">4B<\/td>\n<td width=\"87\"><\/td>\n<\/tr>\n<tr>\n<td width=\"241\">Rodrigo S\u00e1nchez Huertas<\/td>\n<td width=\"36\">6D<\/td>\n<td width=\"36\">&nbsp;1<\/td>\n<td width=\"36\">&nbsp;0<\/td>\n<td width=\"241\">&nbsp;Diego L\u00f3pez-Linares<\/td>\n<td width=\"36\">5B<\/td>\n<td width=\"87\"><\/td>\n<\/tr>\n<\/tbody>\n<\/table>\n<table width=\"626\">\n<tbody>\n<tr>\n<td width=\"241\">SEMIFINAL<\/td>\n<td width=\"36\"><\/td>\n<td width=\"36\"><\/td>\n<td width=\"36\"><\/td>\n<td width=\"241\"><\/td>\n<td width=\"36\"><\/td>\n<\/tr>\n<tr>\n<td>Ricardo Alonso Rodr\u00edguez<\/td>\n<td>6A<\/td>\n<td><\/td>\n<td><\/td>\n<td>Juan N\u00fa\u00f1ez Mondelo<\/td>\n<td>6A<\/td>\n<\/tr>\n<tr>\n<td>\u00cd\u00f1igo Elustondo Iturbe<\/td>\n<td>4B<\/td>\n<td><\/td>\n<td><\/td>\n<td>Rodrigo S\u00e1nchez Huertas<\/td>\n<td>6D<\/td>\n<\/tr>\n<\/tbody>\n<\/table>\n<p>&nbsp;<\/p>\n<p>&nbsp;<\/p>\n<p><span style=\"text-decoration: underline;\"><strong>CLASIFICACI\u00d3N FINAL<\/strong><\/span><\/p>\n<p><strong>PRIMERO Y SEGUNDO (PRE-BENJAM\u00cdN):<\/strong><\/p>\n<table width=\"338\">\n<tbody>\n<tr>\n<td width=\"240\">Daniel Estival<\/td>\n<td width=\"31\">2A<\/td>\n<td width=\"67\">7<\/td>\n<\/tr>\n<tr>\n<td>Aret\u00ed K\u00f3kkinos<\/td>\n<td>2B<\/td>\n<td>6,5<\/td>\n<\/tr>\n<tr>\n<td>Samuel Jos\u00e9 Garc\u00eda Pacheco<\/td>\n<td>2B<\/td>\n<td>6<\/td>\n<\/tr>\n<tr>\n<td>Luis Camacho Montojo<\/td>\n<td>1B<\/td>\n<td>5<\/td>\n<\/tr>\n<tr>\n<td>Roberto Nevado Sicilia<\/td>\n<td>2B<\/td>\n<td>5<\/td>\n<\/tr>\n<tr>\n<td>Mauro Lozano Guixa<\/td>\n<td>1C<\/td>\n<td>4,5<\/td>\n<\/tr>\n<tr>\n<td>Alberto L\u00f3pez de Arriba L\u00e1zaro<\/td>\n<td>1C<\/td>\n<td>4,5<\/td>\n<\/tr>\n<tr>\n<td>Carla P\u00e9rez-Beato San Rom\u00e1n<\/td>\n<td>2A<\/td>\n<td>4,5<\/td>\n<\/tr>\n<tr>\n<td>Juan Caballero l\u00f3pez<\/td>\n<td>1A<\/td>\n<td>4<\/td>\n<\/tr>\n<tr>\n<td>Nicol\u00e1s S\u00e1nchez Mart\u00ednez<\/td>\n<td>1C<\/td>\n<td>4<\/td>\n<\/tr>\n<tr>\n<td>Clara Amalia P\u00e9rez Guerrero<\/td>\n<td>2A<\/td>\n<td>4<\/td>\n<\/tr>\n<tr>\n<td>Antonio Stolle Martos<\/td>\n<td>2B<\/td>\n<td>4<\/td>\n<\/tr>\n<tr>\n<td>Pedro Segura Repiso<\/td>\n<td>1A<\/td>\n<td>3,5<\/td>\n<\/tr>\n<tr>\n<td>Javier Miguel Gonz\u00e1lez S\u00e1nchez<\/td>\n<td>1A<\/td>\n<td>3,5<\/td>\n<\/tr>\n<tr>\n<td>Yago Garc\u00eda Verdeja<\/td>\n<td>1B<\/td>\n<td>3,5<\/td>\n<\/tr>\n<tr>\n<td>Ir\u00eda Lorenzo<\/td>\n<td>2C<\/td>\n<td>3,5<\/td>\n<\/tr>\n<tr>\n<td>\u00c1lvaro de la Fuente Jim\u00e9nez<\/td>\n<td>1A<\/td>\n<td>3<\/td>\n<\/tr>\n<tr>\n<td>Mario Escudero Roche<\/td>\n<td>1A<\/td>\n<td>3<\/td>\n<\/tr>\n<tr>\n<td>Javier Pou Ferrando<\/td>\n<td>1C<\/td>\n<td>3<\/td>\n<\/tr>\n<tr>\n<td>Pepe Oliver Barrantes<\/td>\n<td>1B<\/td>\n<td>2,5<\/td>\n<\/tr>\n<tr>\n<td>Diego Ruiz-Clavijo Villa<\/td>\n<td>1C<\/td>\n<td>2,5<\/td>\n<\/tr>\n<tr>\n<td>Gonzalo L\u00f3pez L\u00f3pez<\/td>\n<td>1C<\/td>\n<td>2,5<\/td>\n<\/tr>\n<tr>\n<td>Lola P\u00e9rez-Beato San Rom\u00e1n<\/td>\n<td>2B<\/td>\n<td>2,5<\/td>\n<\/tr>\n<tr>\n<td>&nbsp;<\/p>\n<p><strong>TERCERO Y CUARTO (BENJAM\u00cdN):<\/strong><\/td>\n<td><\/td>\n<td><\/td>\n<\/tr>\n<tr>\n<td>\u00cd\u00f1igo Elustondo Iturbe<\/td>\n<td>4B<\/td>\n<td>7<\/td>\n<\/tr>\n<tr>\n<td>Pablo Caballero L\u00f3pez<\/td>\n<td>3A<\/td>\n<td>6,5<\/td>\n<\/tr>\n<tr>\n<td>Pablo L\u00f3pez Civera<\/td>\n<td>4C<\/td>\n<td>6<\/td>\n<\/tr>\n<tr>\n<td>Heber Pareja Fern\u00e1ndez<\/td>\n<td>4A<\/td>\n<td>5,5<\/td>\n<\/tr>\n<tr>\n<td>Manuel Castillejo Meizoso<\/td>\n<td>4C<\/td>\n<td>5<\/td>\n<\/tr>\n<tr>\n<td>Fernando Casta\u00f1\u00f3n Blanco<\/td>\n<td>3A<\/td>\n<td>4<\/td>\n<\/tr>\n<tr>\n<td>Marina Alonso Rodr\u00edguez<\/td>\n<td>3A<\/td>\n<td>3<\/td>\n<\/tr>\n<tr>\n<td>Sergio Monar Murillo<\/td>\n<td>3A<\/td>\n<td>3<\/td>\n<\/tr>\n<tr>\n<td>Marina Larrodera<\/td>\n<td>3C<\/td>\n<td>3<\/td>\n<\/tr>\n<tr>\n<td>Jimena Mart\u00ednez Sastre<\/td>\n<td>3C<\/td>\n<td>3<\/td>\n<\/tr>\n<tr>\n<td>Daniela Ferrandiz<\/td>\n<td>3B<\/td>\n<td>2,5<\/td>\n<\/tr>\n<tr>\n<td>Miguel Buesa Guinea<\/td>\n<td>3C<\/td>\n<td>2<\/td>\n<\/tr>\n<tr>\n<td>Gabriela Garc\u00eda Verdeja<\/td>\n<td>3C<\/td>\n<td>2<\/td>\n<\/tr>\n<tr>\n<td><\/td>\n<td><\/td>\n<td><\/td>\n<\/tr>\n<tr>\n<td><\/td>\n<td><\/td>\n<td><\/td>\n<\/tr>\n<tr>\n<td>&nbsp;<strong>QUINTO Y SEXTO (ALEV\u00cdN):<\/strong><\/td>\n<td><\/td>\n<td><\/td>\n<\/tr>\n<tr>\n<td>Juan N\u00fa\u00f1ez Mondelo<\/td>\n<td>6A<\/td>\n<td>7<\/td>\n<\/tr>\n<tr>\n<td>Rodrigo S\u00e1nchez Huertas<\/td>\n<td>6D<\/td>\n<td>6,5<\/td>\n<\/tr>\n<tr>\n<td>Ricardo Alonso Rodr\u00edguez<\/td>\n<td>6A<\/td>\n<td>5,5<\/td>\n<\/tr>\n<tr>\n<td>Diego L\u00f3pez-Linares Caba\u00f1as<\/td>\n<td>5B<\/td>\n<td>5<\/td>\n<\/tr>\n<tr>\n<td>Rodrigo Hern\u00e1ndez Unturbe<\/td>\n<td>5C<\/td>\n<td>5<\/td>\n<\/tr>\n<tr>\n<td>Guille Collar Mora<\/td>\n<td>6A<\/td>\n<td>5<\/td>\n<\/tr>\n<tr>\n<td>Mat\u00edas Muscar\u00e1 Felgueras<\/td>\n<td>6A<\/td>\n<td>4,5<\/td>\n<\/tr>\n<tr>\n<td>Jorge Or\u00edo Ruiz<\/td>\n<td>6A<\/td>\n<td>4,5<\/td>\n<\/tr>\n<tr>\n<td>Daniel Monar Murillo<\/td>\n<td>5A<\/td>\n<td>4<\/td>\n<\/tr>\n<tr>\n<td>Gonzalo Alonso Beltr\u00e1n<\/td>\n<td>6A<\/td>\n<td>4<\/td>\n<\/tr>\n<tr>\n<td>Mauro Fern\u00e1ndez G\u00f3mez<\/td>\n<td>5B<\/td>\n<td>3,5<\/td>\n<\/tr>\n<tr>\n<td>Mar\u00eda Stolle Martos<\/td>\n<td>5A<\/td>\n<td>3<\/td>\n<\/tr>\n<tr>\n<td>\u00cd\u00f1igo Segura Repiso<\/td>\n<td>5B<\/td>\n<td>3<\/td>\n<\/tr>\n<tr>\n<td>Adri\u00e1n Labarga Gallego<\/td>\n<td>5C<\/td>\n<td>3<\/td>\n<\/tr>\n<tr>\n<td>Guillermo Villarejo Zavala<\/td>\n<td>6D<\/td>\n<td>3<\/td>\n<\/tr>\n<tr>\n<td>Jaime S\u00e1nchez Barderas<\/td>\n<td>5A<\/td>\n<td>2,5<\/td>\n<\/tr>\n<tr>\n<td>Lucas Vela Moreno<\/td>\n<td>5B<\/td>\n<td>2,5<\/td>\n<\/tr>\n<tr>\n<td>Irene Jim\u00e9nez Lizua\u00edn<\/td>\n<td>5A<\/td>\n<td>2<\/td>\n<\/tr>\n<tr>\n<td>Hector Izquierdo Gutierrez<\/td>\n<td>5B<\/td>\n<td>2<\/td>\n<\/tr>\n<tr>\n<td>Alejandro Tovar<\/td>\n<td>6C<\/td>\n<td>2<\/td>\n<\/tr>\n<\/tbody>\n<\/table>\n<p>&nbsp;<\/p>\n","protected":false},"excerpt":{"rendered":"<p>Resultados de la liguilla de Primero a Cuarto de Primaria, para participar en la ELIMINATORIA por el campeonato absoluto de Primaria MIRAR AQU\u00cd:&nbsp;Resultados liguilla Fueron seleccionados: Aret\u00ed K\u00f3kkinos (2\u00baB), Pablo Caballero L\u00f3pez (3\u00baA), \u00cd\u00f1igo Elustondo Iturbe (4\u00baB), Pablo L\u00f3pez Civera &hellip; <a href=\"https:\/\/ajedrez.cve.edu.es\/gossage\/ix-torneo-de-ajedrez-de-primaria\/v-torneo-de-primaria\/\">Sigue leyendo <span class=\"meta-nav\">&rarr;<\/span><\/a><\/p>\n","protected":false},"author":2,"featured_media":0,"parent":1876,"menu_order":3,"comment_status":"closed","ping_status":"closed","template":"","meta":[],"_links":{"self":[{"href":"https:\/\/ajedrez.cve.edu.es\/gossage\/wp-json\/wp\/v2\/pages\/1226"}],"collection":[{"href":"https:\/\/ajedrez.cve.edu.es\/gossage\/wp-json\/wp\/v2\/pages"}],"about":[{"href":"https:\/\/ajedrez.cve.edu.es\/gossage\/wp-json\/wp\/v2\/types\/page"}],"author":[{"embeddable":true,"href":"https:\/\/ajedrez.cve.edu.es\/gossage\/wp-json\/wp\/v2\/users\/2"}],"replies":[{"embeddable":true,"href":"https:\/\/ajedrez.cve.edu.es\/gossage\/wp-json\/wp\/v2\/comments?post=1226"}],"version-history":[{"count":77,"href":"https:\/\/ajedrez.cve.edu.es\/gossage\/wp-json\/wp\/v2\/pages\/1226\/revisions"}],"predecessor-version":[{"id":1881,"href":"https:\/\/ajedrez.cve.edu.es\/gossage\/wp-json\/wp\/v2\/pages\/1226\/revisions\/1881"}],"up":[{"embeddable":true,"href":"https:\/\/ajedrez.cve.edu.es\/gossage\/wp-json\/wp\/v2\/pages\/1876"}],"wp:attachment":[{"href":"https:\/\/ajedrez.cve.edu.es\/gossage\/wp-json\/wp\/v2\/media?parent=1226"}],"curies":[{"name":"wp","href":"https:\/\/api.w.org\/{rel}","templated":true}]}}