{"id":125,"date":"2014-02-02T19:20:52","date_gmt":"2014-02-02T19:20:52","guid":{"rendered":"https:\/\/ajedrez.cve.edu.es\/gossage\/?page_id=125"},"modified":"2018-04-18T12:04:20","modified_gmt":"2018-04-18T12:04:20","slug":"extraescolar-de-ajedrez","status":"publish","type":"page","link":"https:\/\/ajedrez.cve.edu.es\/gossage\/extraescolar-de-ajedrez\/","title":{"rendered":"EXTRAESCOLAR DE AJEDREZ"},"content":{"rendered":"<p>Desde enero de 2014 hemos iniciado una actividad extraescolar de Ajedrez Competitivo. Aqu\u00ed se prepara a los ni\u00f1os a nivel de competici\u00f3n.<\/p>\n<p>&nbsp;<\/p>\n<p>Revisamos la notaci\u00f3n, algunas aperturas, finales, estrategias y t\u00e1cticas del medio juego.<\/p>\n<p>&nbsp;<\/p>\n","protected":false},"excerpt":{"rendered":"<p>Desde enero de 2014 hemos iniciado una actividad extraescolar de Ajedrez Competitivo. Aqu\u00ed se prepara a los ni\u00f1os a nivel de competici\u00f3n. &nbsp; Revisamos la notaci\u00f3n, algunas aperturas, finales, estrategias y t\u00e1cticas del medio juego. &nbsp;<\/p>\n","protected":false},"author":2,"featured_media":0,"parent":0,"menu_order":0,"comment_status":"closed","ping_status":"closed","template":"","meta":[],"_links":{"self":[{"href":"https:\/\/ajedrez.cve.edu.es\/gossage\/wp-json\/wp\/v2\/pages\/125"}],"collection":[{"href":"https:\/\/ajedrez.cve.edu.es\/gossage\/wp-json\/wp\/v2\/pages"}],"about":[{"href":"https:\/\/ajedrez.cve.edu.es\/gossage\/wp-json\/wp\/v2\/types\/page"}],"author":[{"embeddable":true,"href":"https:\/\/ajedrez.cve.edu.es\/gossage\/wp-json\/wp\/v2\/users\/2"}],"replies":[{"embeddable":true,"href":"https:\/\/ajedrez.cve.edu.es\/gossage\/wp-json\/wp\/v2\/comments?post=125"}],"version-history":[{"count":6,"href":"https:\/\/ajedrez.cve.edu.es\/gossage\/wp-json\/wp\/v2\/pages\/125\/revisions"}],"predecessor-version":[{"id":1398,"href":"https:\/\/ajedrez.cve.edu.es\/gossage\/wp-json\/wp\/v2\/pages\/125\/revisions\/1398"}],"wp:attachment":[{"href":"https:\/\/ajedrez.cve.edu.es\/gossage\/wp-json\/wp\/v2\/media?parent=125"}],"curies":[{"name":"wp","href":"https:\/\/api.w.org\/{rel}","templated":true}]}}