{"id":1546,"date":"2018-10-07T11:11:06","date_gmt":"2018-10-07T11:11:06","guid":{"rendered":"https:\/\/ajedrez.cve.edu.es\/gossage\/?page_id=1546"},"modified":"2025-05-31T16:22:33","modified_gmt":"2025-05-31T16:22:33","slug":"vi-torneo-de-primaria-2018-2019","status":"publish","type":"page","link":"https:\/\/ajedrez.cve.edu.es\/gossage\/ix-torneo-de-ajedrez-de-primaria\/vi-torneo-de-primaria-2018-2019\/","title":{"rendered":"VI TORNEO de PRIMARIA (2018-2019)"},"content":{"rendered":"<p><strong>EMPAREJAMIENTOS de los seleccionados para la eliminatoria:<\/strong><\/p>\n<p>(5 RONDAS: SE CLASIFICAN LOS DOS MEJORES de cada grupo)<\/p>\n<p>&nbsp;<\/p>\n<table width=\"681\">\n<tbody>\n<tr>\n<td width=\"235\">PRIMERA JORNADA<\/td>\n<td width=\"27\"><\/td>\n<td width=\"34\"><\/td>\n<td width=\"36\"><\/td>\n<td width=\"232\"><\/td>\n<td width=\"32\"><\/td>\n<td width=\"85\"><\/td>\n<\/tr>\n<tr>\n<td><\/td>\n<td><\/td>\n<td><\/td>\n<td><\/td>\n<td><\/td>\n<td><\/td>\n<td><\/td>\n<\/tr>\n<tr>\n<td>JAVIER MIGUEL GLEZ<\/td>\n<td>2A<\/td>\n<td>0,5<\/td>\n<td>0,5<\/td>\n<td>PABLO BEITES<\/td>\n<td>2A<\/td>\n<td>Lunes 21<\/td>\n<\/tr>\n<tr>\n<td>ALBERTO L\u00d3PEZ de A<\/td>\n<td>2C<\/td>\n<td><\/td>\n<td><\/td>\n<td>ARET\u00cd K\u00d3KKINOS<\/td>\n<td>3B<\/td>\n<td>Lunes 21<\/td>\n<\/tr>\n<tr>\n<td>PABLO CABALLERO<\/td>\n<td>4B<\/td>\n<td>0<\/td>\n<td>1<\/td>\n<td>FDO&nbsp;Casta\u00f1\u00f3n<\/td>\n<td>4B<\/td>\n<td>Martes 22<\/td>\n<\/tr>\n<tr>\n<td>\u00cd\u00d1IGO ELUSTONDO<\/td>\n<td>5B<\/td>\n<td>1<\/td>\n<td>0<\/td>\n<td>PABLO L\u00d3PEZ CIVERA<\/td>\n<td>5C<\/td>\n<td>Lunes 21<\/td>\n<\/tr>\n<tr>\n<td>CARLOS DONADO<\/td>\n<td>5D<\/td>\n<td>0,5<\/td>\n<td>0,5<\/td>\n<td>ALBERTO SERRANO<\/td>\n<td>5B<\/td>\n<td>Lunes 21<\/td>\n<\/tr>\n<tr>\n<td>RODRIGO Hern\u00e1ndez<\/td>\n<td>6C<\/td>\n<td>0<\/td>\n<td>1<\/td>\n<td>MANUEL CASTILLEJO<\/td>\n<td>5C<\/td>\n<td>Martes 22<\/td>\n<\/tr>\n<tr>\n<td><\/td>\n<td><\/td>\n<td><\/td>\n<td><\/td>\n<td><\/td>\n<td><\/td>\n<td><\/td>\n<\/tr>\n<tr>\n<td>SEGUNDA JORNADA<\/td>\n<td><\/td>\n<td><\/td>\n<td><\/td>\n<td><\/td>\n<td><\/td>\n<td><\/td>\n<\/tr>\n<tr>\n<td><\/td>\n<td><\/td>\n<td><\/td>\n<td><\/td>\n<td><\/td>\n<td><\/td>\n<td><\/td>\n<\/tr>\n<tr>\n<td>ALBERTO L\u00d3PEZ de A<\/td>\n<td>2C<\/td>\n<td><\/td>\n<td><\/td>\n<td>JAVIER MIGUEL GLEZ<\/td>\n<td>2A<\/td>\n<td>Lunes 28<\/td>\n<\/tr>\n<tr>\n<td>PABLO BEITES<\/td>\n<td>2A<\/td>\n<td><\/td>\n<td><\/td>\n<td>PABLO CABALLERO<\/td>\n<td>4B<\/td>\n<td>Martes 29<\/td>\n<\/tr>\n<tr>\n<td>ARET\u00cd K\u00d3KKINOS<\/td>\n<td>3B<\/td>\n<td><\/td>\n<td><\/td>\n<td>FERNANDO CASTA\u00d1\u00d3N<\/td>\n<td>4B<\/td>\n<td>Lunes 28<\/td>\n<\/tr>\n<tr>\n<td>CARLOS DONADO<\/td>\n<td>5D<\/td>\n<td><\/td>\n<td><\/td>\n<td>\u00cd\u00d1IGO ELUSTONDO<\/td>\n<td>5B<\/td>\n<td>Lunes 28<\/td>\n<\/tr>\n<tr>\n<td>PABLO L\u00d3PEZ CIVERA<\/td>\n<td>5C<\/td>\n<td><\/td>\n<td><\/td>\n<td>RODRIGO HERN\u00c1NDEZ<\/td>\n<td>6C<\/td>\n<td>Martes 29<\/td>\n<\/tr>\n<tr>\n<td>ALBERTO SERRANO<\/td>\n<td>5B<\/td>\n<td><\/td>\n<td><\/td>\n<td>MANUEL CASTILLEJO<\/td>\n<td>5C<\/td>\n<td>Lunes 28<\/td>\n<\/tr>\n<tr>\n<td><\/td>\n<td><\/td>\n<td><\/td>\n<td><\/td>\n<td><\/td>\n<td><\/td>\n<td><\/td>\n<\/tr>\n<tr>\n<td>TERCERA JORNADA<\/td>\n<td><\/td>\n<td><\/td>\n<td><\/td>\n<td><\/td>\n<td><\/td>\n<td><\/td>\n<\/tr>\n<tr>\n<td><\/td>\n<td><\/td>\n<td><\/td>\n<td><\/td>\n<td><\/td>\n<td><\/td>\n<td><\/td>\n<\/tr>\n<tr>\n<td>JAVIER MIGUEL GLEZ<\/td>\n<td>2A<\/td>\n<td><\/td>\n<td><\/td>\n<td>ARET\u00cd K\u00d3KKINOS<\/td>\n<td>3B<\/td>\n<td>Lunes 4<\/td>\n<\/tr>\n<tr>\n<td>FDO Casta\u00f1\u00f3n<\/td>\n<td>4B<\/td>\n<td><\/td>\n<td><\/td>\n<td>PABLO BEITES<\/td>\n<td>2A<\/td>\n<td>Lunes 4<\/td>\n<\/tr>\n<tr>\n<td>PABLO CABALLERO<\/td>\n<td>4B<\/td>\n<td><\/td>\n<td><\/td>\n<td>ALBERTO L\u00d3PEZ de A<\/td>\n<td>2C<\/td>\n<td>Martes 5<\/td>\n<\/tr>\n<tr>\n<td>\u00cd\u00d1IGO ELUSTONDO<\/td>\n<td>5B<\/td>\n<td><\/td>\n<td><\/td>\n<td>ALBERTO SERRANO<\/td>\n<td>5B<\/td>\n<td>Lunes 4<\/td>\n<\/tr>\n<tr>\n<td>MANUEL CASTILLEJO<\/td>\n<td>5C<\/td>\n<td><\/td>\n<td><\/td>\n<td>PABLO L\u00d3PEZ CIVERA<\/td>\n<td>5C<\/td>\n<td>Lunes 4<\/td>\n<\/tr>\n<tr>\n<td>RODRIGO HDEZ<\/td>\n<td>6C<\/td>\n<td><\/td>\n<td><\/td>\n<td>CARLOS DONADO<\/td>\n<td>5D<\/td>\n<td>Martes 5<\/td>\n<\/tr>\n<tr>\n<td><\/td>\n<td><\/td>\n<td><\/td>\n<td><\/td>\n<td><\/td>\n<td><\/td>\n<td><\/td>\n<\/tr>\n<tr>\n<td>CUARTA JORNADA<\/td>\n<td><\/td>\n<td><\/td>\n<td><\/td>\n<td><\/td>\n<td><\/td>\n<td><\/td>\n<\/tr>\n<tr>\n<td><\/td>\n<td><\/td>\n<td><\/td>\n<td><\/td>\n<td><\/td>\n<td><\/td>\n<td><\/td>\n<\/tr>\n<tr>\n<td>PABLO CABALLERO<\/td>\n<td>4B<\/td>\n<td><\/td>\n<td><\/td>\n<td>JAVIER MIGUEL GLEZ<\/td>\n<td>2A<\/td>\n<td>Martes 12<\/td>\n<\/tr>\n<tr>\n<td>PABLO BEITES<\/td>\n<td>2A<\/td>\n<td><\/td>\n<td><\/td>\n<td>ARET\u00cd K\u00d3KKINOS<\/td>\n<td>3B<\/td>\n<td>Lunes 11<\/td>\n<\/tr>\n<tr>\n<td>FDO CASTA\u00d1\u00d3N<\/td>\n<td>4B<\/td>\n<td><\/td>\n<td><\/td>\n<td>ALBERTO L\u00d3PEZ de A<\/td>\n<td>2C<\/td>\n<td>Lunes 11<\/td>\n<\/tr>\n<tr>\n<td>RODRIGO HDEZ<\/td>\n<td>6C<\/td>\n<td><\/td>\n<td><\/td>\n<td>\u00cd\u00d1IGO ELUSTONDO<\/td>\n<td>5B<\/td>\n<td>Martes 12<\/td>\n<\/tr>\n<tr>\n<td>PABLO L\u00d3PEZ CIVERA<\/td>\n<td>5C<\/td>\n<td><\/td>\n<td><\/td>\n<td>ALBERTO SERRANO<\/td>\n<td>5B<\/td>\n<td>Lunes 11<\/td>\n<\/tr>\n<tr>\n<td>MANUEL CASTILLEJO<\/td>\n<td>5C<\/td>\n<td><\/td>\n<td><\/td>\n<td>CARLOS DONADO<\/td>\n<td>5D<\/td>\n<td>Lunes 11<\/td>\n<\/tr>\n<tr>\n<td><\/td>\n<td><\/td>\n<td><\/td>\n<td><\/td>\n<td><\/td>\n<td><\/td>\n<td><\/td>\n<\/tr>\n<tr>\n<td>QUINTA JORNADA<\/td>\n<td><\/td>\n<td><\/td>\n<td><\/td>\n<td><\/td>\n<td><\/td>\n<td><\/td>\n<\/tr>\n<tr>\n<td><\/td>\n<td><\/td>\n<td><\/td>\n<td><\/td>\n<td><\/td>\n<td><\/td>\n<td><\/td>\n<\/tr>\n<tr>\n<td>JAVIER MIGUEL GLEZ<\/td>\n<td>2A<\/td>\n<td><\/td>\n<td><\/td>\n<td>FERNANDO CASTA\u00d1\u00d3N<\/td>\n<td>4B<\/td>\n<td>Lunes 18<\/td>\n<\/tr>\n<tr>\n<td>ALBERTO L\u00d3PEZ de A<\/td>\n<td>2C<\/td>\n<td><\/td>\n<td><\/td>\n<td>PABLO BEITES<\/td>\n<td>2A<\/td>\n<td>Lunes 18<\/td>\n<\/tr>\n<tr>\n<td>ARET\u00cd K\u00d3KKINOS<\/td>\n<td>3B<\/td>\n<td><\/td>\n<td><\/td>\n<td>PABLO CABALLERO<\/td>\n<td>4B<\/td>\n<td>Martes 19<\/td>\n<\/tr>\n<tr>\n<td>\u00cd\u00d1IGO ELUSTONDO<\/td>\n<td>5B<\/td>\n<td><\/td>\n<td><\/td>\n<td>MANUEL CASTILLEJO<\/td>\n<td>5C<\/td>\n<td>Lunes 18<\/td>\n<\/tr>\n<tr>\n<td>CARLOS DONADO<\/td>\n<td>5D<\/td>\n<td><\/td>\n<td><\/td>\n<td>PABLO L\u00d3PEZ CIVERA<\/td>\n<td>5C<\/td>\n<td>Lunes 18<\/td>\n<\/tr>\n<tr>\n<td>ALBERTO SERRANO<\/td>\n<td>5B<\/td>\n<td><\/td>\n<td><\/td>\n<td>RODRIGO HERN\u00c1NDEZ<\/td>\n<td>6C<\/td>\n<td>Martes 19<\/td>\n<\/tr>\n<\/tbody>\n<\/table>\n<p>&nbsp;<\/p>\n<p>&#8212;&#8212;&#8212;&#8212;&#8212;&#8212;&#8212;&#8212;&#8212;&#8212;&#8212;&#8212;&#8212;&#8212;&#8212;&#8212;&#8212;&#8212;&#8212;&#8212;&#8212;&#8212;&#8212;&#8212;&#8212;&#8212;&#8212;&#8212;&#8212;&#8212;-<\/p>\n<h1><span style=\"font-weight: 300;\"><strong>CLASIFICACI\u00d3N GENERAL<\/strong><span style=\"font-weight: 300;\">&nbsp;<strong>FINAL<\/strong><\/span><\/span><\/h1>\n<p><strong>PRIMERO Y SEGUNDO<\/strong><\/p>\n<table width=\"272\">\n<tbody>\n<tr>\n<td width=\"208\"><strong>PABLO BEITES<\/strong><\/td>\n<td width=\"30\">2A<\/td>\n<td width=\"34\">6,5<\/td>\n<\/tr>\n<tr>\n<td><strong>JAVIER MIGUEL GONZ\u00c1LEZ S\u00c1NCHEZ<\/strong><\/td>\n<td>2A<\/td>\n<td>6<\/td>\n<\/tr>\n<tr>\n<td>ALBERTO L\u00d3PEZ de ARRIBA<\/td>\n<td>2C<\/td>\n<td>5<\/td>\n<\/tr>\n<tr>\n<td>GUILLERMO DONADO CUADRILLERO<\/td>\n<td>2B<\/td>\n<td>4,5<\/td>\n<\/tr>\n<tr>\n<td>HUGO MART\u00cdNEZ MAZOTERAS<\/td>\n<td>2C<\/td>\n<td>4,5<\/td>\n<\/tr>\n<tr>\n<td>CARMEN HERNANZ MOLT\u00d3<\/td>\n<td>2C<\/td>\n<td>4,5<\/td>\n<\/tr>\n<tr>\n<td>IRENE SERRANO BALDASANO<\/td>\n<td>2C<\/td>\n<td>4<\/td>\n<\/tr>\n<tr>\n<td>GONZALO L\u00d3PEZ L\u00d3PEZ<\/td>\n<td>2C<\/td>\n<td>3,5<\/td>\n<\/tr>\n<tr>\n<td>CELIA HERN\u00c1NDEZ UNTURBE<\/td>\n<td>2C<\/td>\n<td>3,5<\/td>\n<\/tr>\n<tr>\n<td>ALEJANDRO FDEZ FRIAS<\/td>\n<td>2A<\/td>\n<td>3<\/td>\n<\/tr>\n<tr>\n<td>PABLO RUIZ de la PRADA<\/td>\n<td>1B<\/td>\n<td>2,5<\/td>\n<\/tr>\n<tr>\n<td>KIKE MART\u00cdNEZ N\u00da\u00d1EZ<\/td>\n<td>1B<\/td>\n<td>2,5<\/td>\n<\/tr>\n<tr>\n<td>FABIO ORTIZ SILVA<\/td>\n<td>1C<\/td>\n<td>2<\/td>\n<\/tr>\n<tr>\n<td>PEDRO SEGURA REPISO<\/td>\n<td>2A<\/td>\n<td>0<\/td>\n<\/tr>\n<\/tbody>\n<\/table>\n<p><strong style=\"color: #333333; font-style: normal;\">TERCERO Y CUARTO<\/strong><\/p>\n<table width=\"272\">\n<tbody>\n<tr>\n<td width=\"208\"><strong>FERNANDO CASTA\u00d1\u00d3N BLANCO<\/strong><\/td>\n<td width=\"30\">4B<\/td>\n<td width=\"34\">7<\/td>\n<\/tr>\n<tr>\n<td><strong>ARET\u00cd K\u00d3KKINOS FARIAS<\/strong><\/td>\n<td>3B<\/td>\n<td>6,5<\/td>\n<\/tr>\n<tr>\n<td>PABLO CABALLERO L\u00d3PEZ<\/td>\n<td>4B<\/td>\n<td>6<\/td>\n<\/tr>\n<tr>\n<td>ROBERTO NEVADO SICILIA<\/td>\n<td>3B<\/td>\n<td>4<\/td>\n<\/tr>\n<tr>\n<td>SERGIO GUTIERREZ CENTENO<\/td>\n<td>4B<\/td>\n<td>3,5<\/td>\n<\/tr>\n<tr>\n<td>SAMUEL JOS\u00c9 GARC\u00cdA PACHECO<\/td>\n<td>3B<\/td>\n<td>3<\/td>\n<\/tr>\n<tr>\n<td>JAIME BELMAR<\/td>\n<td>3B<\/td>\n<td>3<\/td>\n<\/tr>\n<tr>\n<td>CLARA AMALIA P\u00c9REZ<\/td>\n<td>3A<\/td>\n<td>2<\/td>\n<\/tr>\n<tr>\n<td>DANIELA ZAMORANO VADILLO<\/td>\n<td>3A<\/td>\n<td>1<\/td>\n<\/tr>\n<tr>\n<td>CLAUDIA PALOMINO SALGADO<\/td>\n<td>4D<\/td>\n<td>0<\/td>\n<\/tr>\n<tr>\n<td>CLAUDIA HEVIA<\/td>\n<td>3A<\/td>\n<td>0<\/td>\n<\/tr>\n<tr>\n<td>GUILLERMO SEGURA REPISO<\/td>\n<td>3B<\/td>\n<td>0<\/td>\n<\/tr>\n<\/tbody>\n<\/table>\n<p><strong>QUINTO Y SEXTO<\/strong><\/p>\n<table width=\"272\">\n<tbody>\n<tr>\n<td width=\"208\"><strong>PABLO L\u00d3PEZ CIVERA<\/strong><\/td>\n<td width=\"30\">5C<\/td>\n<td width=\"34\">7<\/td>\n<\/tr>\n<tr>\n<td><strong>\u00cd\u00d1IGO ELUSTONDO ITURBE<\/strong><\/td>\n<td>5B<\/td>\n<td>7<\/td>\n<\/tr>\n<tr>\n<td>CARLOS DONADO CUADRILLERO<\/td>\n<td>5D<\/td>\n<td>5<\/td>\n<\/tr>\n<tr>\n<td>ALBERTO SERRANO BALDASANO<\/td>\n<td>5B<\/td>\n<td>5<\/td>\n<\/tr>\n<tr>\n<td>RODRIGO HERN\u00c1NDEZ UNTURBE<\/td>\n<td>6C<\/td>\n<td>4<\/td>\n<\/tr>\n<tr>\n<td>MANUEL CASTILLEJO MEIZOSO<\/td>\n<td>5C<\/td>\n<td>4<\/td>\n<\/tr>\n<tr>\n<td>ADRI\u00c1N CABALLERO GARC\u00cdA<\/td>\n<td>5C<\/td>\n<td>3<\/td>\n<\/tr>\n<tr>\n<td>NICOL\u00c1S WALTERS RODR\u00cdGUEZ<\/td>\n<td>5A<\/td>\n<td>2,5<\/td>\n<\/tr>\n<tr>\n<td>ANGEL MONZ\u00d3N CEPEDA<\/td>\n<td>5A<\/td>\n<td>1,5<\/td>\n<\/tr>\n<tr>\n<td>DIEGO L\u00d3PEZ-LINARES CABA\u00d1AS<\/td>\n<td>6B<\/td>\n<td>1<\/td>\n<\/tr>\n<tr>\n<td>\u00cd\u00d1IGO SEGURA REPISO<\/td>\n<td>6B<\/td>\n<td>1<\/td>\n<\/tr>\n<tr>\n<td>IRENE JIM\u00c9NEZ LIZUA\u00cdN<\/td>\n<td>6A<\/td>\n<td>0<\/td>\n<\/tr>\n<\/tbody>\n<\/table>\n<p>&nbsp;<\/p>\n","protected":false},"excerpt":{"rendered":"<p>EMPAREJAMIENTOS de los seleccionados para la eliminatoria: (5 RONDAS: SE CLASIFICAN LOS DOS MEJORES de cada grupo) &nbsp; PRIMERA JORNADA JAVIER MIGUEL GLEZ 2A 0,5 0,5 PABLO BEITES 2A Lunes 21 ALBERTO L\u00d3PEZ de A 2C ARET\u00cd K\u00d3KKINOS 3B Lunes &hellip; <a href=\"https:\/\/ajedrez.cve.edu.es\/gossage\/ix-torneo-de-ajedrez-de-primaria\/vi-torneo-de-primaria-2018-2019\/\">Sigue leyendo <span class=\"meta-nav\">&rarr;<\/span><\/a><\/p>\n","protected":false},"author":2,"featured_media":0,"parent":1876,"menu_order":2,"comment_status":"closed","ping_status":"closed","template":"","meta":[],"_links":{"self":[{"href":"https:\/\/ajedrez.cve.edu.es\/gossage\/wp-json\/wp\/v2\/pages\/1546"}],"collection":[{"href":"https:\/\/ajedrez.cve.edu.es\/gossage\/wp-json\/wp\/v2\/pages"}],"about":[{"href":"https:\/\/ajedrez.cve.edu.es\/gossage\/wp-json\/wp\/v2\/types\/page"}],"author":[{"embeddable":true,"href":"https:\/\/ajedrez.cve.edu.es\/gossage\/wp-json\/wp\/v2\/users\/2"}],"replies":[{"embeddable":true,"href":"https:\/\/ajedrez.cve.edu.es\/gossage\/wp-json\/wp\/v2\/comments?post=1546"}],"version-history":[{"count":46,"href":"https:\/\/ajedrez.cve.edu.es\/gossage\/wp-json\/wp\/v2\/pages\/1546\/revisions"}],"predecessor-version":[{"id":1879,"href":"https:\/\/ajedrez.cve.edu.es\/gossage\/wp-json\/wp\/v2\/pages\/1546\/revisions\/1879"}],"up":[{"embeddable":true,"href":"https:\/\/ajedrez.cve.edu.es\/gossage\/wp-json\/wp\/v2\/pages\/1876"}],"wp:attachment":[{"href":"https:\/\/ajedrez.cve.edu.es\/gossage\/wp-json\/wp\/v2\/media?parent=1546"}],"curies":[{"name":"wp","href":"https:\/\/api.w.org\/{rel}","templated":true}]}}