{"id":287,"date":"2014-12-07T11:01:50","date_gmt":"2014-12-07T11:01:50","guid":{"rendered":"https:\/\/ajedrez.cve.edu.es\/gossage\/?page_id=287"},"modified":"2018-04-18T12:04:20","modified_gmt":"2018-04-18T12:04:20","slug":"ii-torneo-de-ajedrez-cve-en-primaria","status":"publish","type":"page","link":"https:\/\/ajedrez.cve.edu.es\/gossage\/ii-torneo-de-ajedrez-cve-en-primaria\/","title":{"rendered":"HISTORIA"},"content":{"rendered":"<p>&nbsp;<\/p>\n<p><a href=\"https:\/\/ajedrez.cve.edu.es\/gossage\/?attachment_id=288\" rel=\"attachment wp-att-288\"><img loading=\"lazy\" class=\"aligncenter size-medium wp-image-288\" title=\"OLYMPUS DIGITAL CAMERA\" src=\"https:\/\/ajedrez.cve.edu.es\/gossage\/wp-content\/uploads\/2014\/12\/T-240x300.jpg\" alt=\"\" width=\"240\" height=\"300\" srcset=\"https:\/\/ajedrez.cve.edu.es\/gossage\/wp-content\/uploads\/2014\/12\/T-240x300.jpg 240w, https:\/\/ajedrez.cve.edu.es\/gossage\/wp-content\/uploads\/2014\/12\/T.jpg 336w\" sizes=\"(max-width: 240px) 100vw, 240px\" \/><\/a><\/p>\n<p>Ha Comenzado el periodo de inscripci\u00f3n para el Torneo durante este mes de diciembre. El Torneo comenzar\u00e1 en Enero. Consiste en 8 rondas seg\u00fan el sistema suizo de emparejamientos. Es gratuito y abierto a toda Primaria. Cada alumno inscrito en la competici\u00f3n jugar\u00e1 una partida cada semana. Habr\u00e1 dos competiciones separadas (debido al horario de comidas y recreo), una para los alevines (5\u00ba y 6\u00ba) y otra para los benjamines y prebenjamines (de 1\u00ba a 4\u00ba). Cada nivel tendr\u00e1 su premio.<\/p>\n<p><a href=\"https:\/\/ajedrez.cve.edu.es\/gossage\/?attachment_id=295\" rel=\"attachment wp-att-295\"><img loading=\"lazy\" title=\"OLYMPUS DIGITAL CAMERA\" src=\"https:\/\/ajedrez.cve.edu.es\/gossage\/wp-content\/uploads\/2015\/03\/P1010429bis-1024x768.jpg\" alt=\"\" width=\"584\" height=\"438\" \/><\/a><\/p>\n<p>Desde el mes de enero, se est\u00e1 celebrando el II Torneo de Ajedrez en Primaria. Este a\u00f1o se ha separado en dos partes debido al cambio en los turnos de Comedor: Por una parte, los m\u00e1s mayores (los Alevines) que cursan 5\u00ba y 6\u00ba de Primaria; y por otra, los Benjamines y Pre-Benjamines, de 1\u00ba a 4\u00ba de Primaria.<\/p>\n<p><a href=\"https:\/\/ajedrez.cve.edu.es\/gossage\/?attachment_id=294\" rel=\"attachment wp-att-294\"><img loading=\"lazy\" title=\"OLYMPUS DIGITAL CAMERA\" src=\"https:\/\/ajedrez.cve.edu.es\/gossage\/wp-content\/uploads\/2015\/03\/P1010426bis1-1024x768.jpg\" alt=\"\" width=\"584\" height=\"438\" \/><\/a><\/p>\n<p>La participaci\u00f3n ha sido estupenda: 15 alumnos y alumnas Alevines y \u00a152 Benjamines y Pre-Benjamines! De manera que la<strong>\u00a0participaci\u00f3n<\/strong>\u00a0de este a\u00f1o asciende a\u00a0<strong>67 alumnos,\u00a0<\/strong>veintisiete m\u00e1s que el a\u00f1o pasado (casi un 70% m\u00e1s de participaci\u00f3n).<\/p>\n<p>El Torneo se desarrolla con normalidad y vamos ya por la Sexta Ronda.\u00a0<strong>Por el momento<\/strong>, van en cabeza:<\/p>\n<p>Fernando Catal\u00e1n, por los Alevines, con 5 1\/2 puntos<\/p>\n<p>Aitor Garrido, por los Benjamines, con 5 1\/2 puntos<\/p>\n<p>y Rodrigo Hern\u00e1ndez, por los Pre-Benjamines, con 4 puntos<\/p>\n<p>\u00a1Animo!<\/p>\n<p><a href=\"https:\/\/ajedrez.cve.edu.es\/gossage\/?attachment_id=296\" rel=\"attachment wp-att-296\"><img loading=\"lazy\" title=\"OLYMPUS DIGITAL CAMERA\" src=\"https:\/\/ajedrez.cve.edu.es\/gossage\/wp-content\/uploads\/2015\/03\/P1010440bis-1024x768.jpg\" alt=\"\" width=\"584\" height=\"438\" \/><\/a><\/p>\n<p>El Torneo se juega a 8 Rondas mediante el sistema suizo de emparejamientos.<\/p>\n<p>El Torneo termin\u00f3 con los resultados siguientes<\/p>\n<p><strong>Categor\u00eda alev\u00edn (sub-12):<\/strong><\/p>\n<p><strong><\/strong>Primero: <strong>Fernando Catal\u00e1n<\/strong> (con 5&#8217;5 puntos, de seis rondas)<\/p>\n<p>Segundo: Javier Tovar Mediavilla (con 4&#8217;5 puntos)<\/p>\n<p>Tercera: Luc\u00eda Berzal (con 4 puntos)<\/p>\n<p><strong>Categor\u00eda benjam\u00edn (sub-10):<\/strong><\/p>\n<p>primero:<strong>\u00a0Aitor Garrido<\/strong>\u00a0(con 7 puntos, de 8 rondas)<\/p>\n<p>Segundos: Ricardo Alonso Rodr\u00edguez y Mario Fern\u00e1ndez Luque (con 6 y medio puntos)<\/p>\n<p>terceros: Guillermo Collar Mora, Mat\u00edas Muscar\u00e1 y Nicol\u00e1s Elustundo Iturbe (con 6 puntos)<\/p>\n<p><strong>Categor\u00eda pre-benjam\u00edn (sub-8):<\/strong><\/p>\n<p>Primero:<strong>\u00a0Rodrigo Hern\u00e1ndez Unturbe<\/strong>\u00a0(con 5 puntos)<\/p>\n<p>Segundos: \u00cd\u00f1igo Elustondo Iturbe y Tom\u00e1s S\u00e1nchez Huertas (con 4 y medio puntos)<\/p>\n<p>Tercero: Miguel de Pablos Meg\u00eda (con 4 puntos)<\/p>\n<p>En el Torneo han participado 67 jugadores: 15 pre-benjamines, 37 benjamines y 15 alevines.<\/p>\n<p>Para determinar a los campeones absolutos de Primaria, los tres mejores alevines compitieron contra los tres mejores del grupo de 1\u00ba a 4\u00ba. El resultado fue el siguiente:<\/p>\n<p><strong>Campe\u00f3n absoluto de Primaria:\u00a0<\/strong><strong>MARIO FERN\u00c1NDEZ LUQUE (3\u00ba EP)<\/strong><\/p>\n<p><strong>Subcampeona absoluta de Primaria: LUC\u00cdA BERZAL (5\u00ba EP)\u00a0<\/strong>Tras una re\u00f1ida partida de desempate con <strong>Fernando Catal\u00e1n<\/strong>.<\/p>\n<p>&nbsp;<\/p>\n","protected":false},"excerpt":{"rendered":"<p>&nbsp; Ha Comenzado el periodo de inscripci\u00f3n para el Torneo durante este mes de diciembre. El Torneo comenzar\u00e1 en Enero. Consiste en 8 rondas seg\u00fan el sistema suizo de emparejamientos. Es gratuito y abierto a toda Primaria. Cada alumno inscrito &hellip; <a href=\"https:\/\/ajedrez.cve.edu.es\/gossage\/ii-torneo-de-ajedrez-cve-en-primaria\/\">Sigue leyendo <span class=\"meta-nav\">&rarr;<\/span><\/a><\/p>\n","protected":false},"author":2,"featured_media":0,"parent":0,"menu_order":0,"comment_status":"closed","ping_status":"closed","template":"","meta":[],"_links":{"self":[{"href":"https:\/\/ajedrez.cve.edu.es\/gossage\/wp-json\/wp\/v2\/pages\/287"}],"collection":[{"href":"https:\/\/ajedrez.cve.edu.es\/gossage\/wp-json\/wp\/v2\/pages"}],"about":[{"href":"https:\/\/ajedrez.cve.edu.es\/gossage\/wp-json\/wp\/v2\/types\/page"}],"author":[{"embeddable":true,"href":"https:\/\/ajedrez.cve.edu.es\/gossage\/wp-json\/wp\/v2\/users\/2"}],"replies":[{"embeddable":true,"href":"https:\/\/ajedrez.cve.edu.es\/gossage\/wp-json\/wp\/v2\/comments?post=287"}],"version-history":[{"count":10,"href":"https:\/\/ajedrez.cve.edu.es\/gossage\/wp-json\/wp\/v2\/pages\/287\/revisions"}],"predecessor-version":[{"id":822,"href":"https:\/\/ajedrez.cve.edu.es\/gossage\/wp-json\/wp\/v2\/pages\/287\/revisions\/822"}],"wp:attachment":[{"href":"https:\/\/ajedrez.cve.edu.es\/gossage\/wp-json\/wp\/v2\/media?parent=287"}],"curies":[{"name":"wp","href":"https:\/\/api.w.org\/{rel}","templated":true}]}}